{"id":32,"date":"2024-03-07T07:10:55","date_gmt":"2024-03-07T10:10:55","guid":{"rendered":"http:\/\/joycestudies.art.br\/?page_id=32"},"modified":"2024-10-31T19:45:26","modified_gmt":"2024-10-31T22:45:26","slug":"who-we-are","status":"publish","type":"page","link":"https:\/\/joycestudies.art.br\/?page_id=32","title":{"rendered":"Who We Are"},"content":{"rendered":"\n<div class=\"wp-block-group alignfull has-accent-background-color has-background has-global-padding is-layout-constrained wp-block-group-is-layout-constrained\" style=\"margin-top:0;margin-bottom:0;padding-top:var(--wp--preset--spacing--50);padding-right:var(--wp--preset--spacing--50);padding-bottom:var(--wp--preset--spacing--50);padding-left:var(--wp--preset--spacing--50)\">\n<div class=\"wp-block-columns alignwide is-layout-flex wp-container-core-columns-is-layout-1 wp-block-columns-is-layout-flex\">\n<div class=\"wp-block-column is-vertically-aligned-stretch is-layout-flow wp-block-column-is-layout-flow\" style=\"flex-basis:50%\">\n<div class=\"wp-block-group is-vertical is-content-justification-stretch is-layout-flex wp-container-core-group-is-layout-1 wp-block-group-is-layout-flex\" style=\"min-height:100%\">\n<p class=\"has-x-large-font-size\" style=\"line-height:1.2\"><strong>Research group Joyce Studies in Brazil<\/strong><\/p>\n\n\n\n<p>The research group Joyce Studies in Brazil is affiliated with the Fluminense Federal University (UFF), which certified it in the research groups directory of the CNPq (Brazilian Council for Scientific and Technological Development). It is an initiative of Vitor Alevato do Amaral (UFF) and Dirce Waltrick do Amarante (Federal University of Santa Catarina \u2013 UFSC) and aims at promoting the study, translation, and dissemination of the work of James Joyce, mainly in Brazil, through publications and events. We understand the importance of connecting researchers in Brazil and abroad who study the work of Joyce as well as its  translations, adaptations, and other art works (in music, cinema, painting etc.) inspired by it. Join us!<\/p>\n\n\n\n<p>Joycean wishes,<br>Vitor Alevato do Amaral<br>Dirce Waltrick do Amarante<\/p>\n<\/div>\n<\/div>\n\n\n\n<div class=\"wp-block-column is-layout-flow wp-block-column-is-layout-flow\" style=\"flex-basis:50%\">\n<h2 class=\"wp-block-heading\"><strong>Grupo de pesquisa Estudos Joycianos no Brasil<\/strong><\/h2>\n\n\n\n<p>O grupo de pesquisa Estudos Joycianos no Brasil tem sede na Universidade Federal Fluminense (UFF), institui\u00e7\u00e3o que o certificou no diret\u00f3rio do CNPq, e \u00e9 liderado por Vitor Alevato do Amaral (UFF, l\u00edder) e Dirce Waltrick do Amarante (UFSC, vice-l\u00edder). Seu objetivo \u00e9 promover o estudo, tradu\u00e7\u00e3o e divulga\u00e7\u00e3o da obra de Joyce, principalmente no Brasil, por meio de publica\u00e7\u00f5es e eventos. Entendemos a import\u00e2ncia de conectar pesquisadores no Brasil e no exterior que se debru\u00e7am sobre a obra de Joyce e suas tradu\u00e7\u00f5es, adapta\u00e7\u00f5es e outras obras de arte (na m\u00fasica, cinema, pintura etc.) por ela inspiradas. Junte-se a n\u00f3s.<\/p>\n\n\n\n<p>Abra\u00e7os joycianos,<br>Vitor Alevato do Amaral<br>Dirce Waltrick do Amarante<\/p>\n<\/div>\n<\/div>\n\n\n\n<hr class=\"wp-block-separator has-alpha-channel-opacity\"\/>\n<\/div>\n\n\n\n<figure class=\"wp-block-image size-large is-resized\"><img loading=\"lazy\" decoding=\"async\" width=\"1024\" height=\"684\" src=\"https:\/\/joycestudies.art.br\/wp-content\/uploads\/2024\/03\/DSC1647.ARW_-1024x684.jpg\" alt=\"\" class=\"wp-image-33\" style=\"width:864px;height:auto\" srcset=\"https:\/\/joycestudies.art.br\/wp-content\/uploads\/2024\/03\/DSC1647.ARW_-1024x684.jpg 1024w, https:\/\/joycestudies.art.br\/wp-content\/uploads\/2024\/03\/DSC1647.ARW_-300x200.jpg 300w, https:\/\/joycestudies.art.br\/wp-content\/uploads\/2024\/03\/DSC1647.ARW_-768x513.jpg 768w, https:\/\/joycestudies.art.br\/wp-content\/uploads\/2024\/03\/DSC1647.ARW_-1536x1026.jpg 1536w, https:\/\/joycestudies.art.br\/wp-content\/uploads\/2024\/03\/DSC1647.ARW_-2048x1368.jpg 2048w\" sizes=\"(max-width: 1024px) 100vw, 1024px\" \/><\/figure>\n\n\n\n<p class=\"has-text-align-center\">III Workshop in Progress (UFSC, 2023)<\/p>\n\n\n\n<div class=\"wp-block-group alignfull has-global-padding is-layout-constrained wp-block-group-is-layout-constrained\" style=\"margin-top:0;margin-bottom:0;padding-top:var(--wp--preset--spacing--50);padding-right:var(--wp--preset--spacing--50);padding-bottom:var(--wp--preset--spacing--50);padding-left:var(--wp--preset--spacing--50)\">\n<div class=\"wp-block-group is-vertical is-content-justification-center is-layout-flex wp-container-core-group-is-layout-3 wp-block-group-is-layout-flex\">\n<h2 class=\"wp-block-heading has-text-align-center has-xx-large-font-size\">Researchers<\/h2>\n<\/div>\n\n\n\n<div style=\"height:0px\" aria-hidden=\"true\" class=\"wp-block-spacer\"><\/div>\n\n\n\n<div class=\"wp-block-columns alignwide is-layout-flex wp-container-core-columns-is-layout-2 wp-block-columns-is-layout-flex\" style=\"padding-right:0;padding-left:0\">\n<div class=\"wp-block-column is-layout-flow wp-block-column-is-layout-flow\">\n<figure class=\"wp-block-image aligncenter size-full is-resized is-style-rounded\"><img loading=\"lazy\" decoding=\"async\" width=\"872\" height=\"1280\" src=\"https:\/\/joycestudies.art.br\/wp-content\/uploads\/2024\/04\/WhatsApp-Image-2024-04-22-at-12.38.28\u202fPM.jpeg\" alt=\"\" class=\"wp-image-114\" style=\"aspect-ratio:1;object-fit:cover;width:200px\" srcset=\"https:\/\/joycestudies.art.br\/wp-content\/uploads\/2024\/04\/WhatsApp-Image-2024-04-22-at-12.38.28\u202fPM.jpeg 872w, https:\/\/joycestudies.art.br\/wp-content\/uploads\/2024\/04\/WhatsApp-Image-2024-04-22-at-12.38.28\u202fPM-204x300.jpeg 204w, https:\/\/joycestudies.art.br\/wp-content\/uploads\/2024\/04\/WhatsApp-Image-2024-04-22-at-12.38.28\u202fPM-698x1024.jpeg 698w, https:\/\/joycestudies.art.br\/wp-content\/uploads\/2024\/04\/WhatsApp-Image-2024-04-22-at-12.38.28\u202fPM-768x1127.jpeg 768w\" sizes=\"(max-width: 872px) 100vw, 872px\" \/><\/figure>\n\n\n\n<div class=\"wp-block-group is-vertical is-content-justification-center is-nowrap is-layout-flex wp-container-core-group-is-layout-4 wp-block-group-is-layout-flex\">\n<p class=\"has-text-align-center has-small-font-size\"><strong>Vitor Alevato do Amaral<\/strong><\/p>\n\n\n\n<figure class=\"wp-block-image size-full is-resized\"><a href=\"http:\/\/lattes.cnpq.br\/7623858176791352\"><img loading=\"lazy\" decoding=\"async\" width=\"814\" height=\"814\" src=\"https:\/\/joycestudies.art.br\/wp-content\/uploads\/2024\/03\/image.png\" alt=\"\" class=\"wp-image-61\" style=\"width:32px\" srcset=\"https:\/\/joycestudies.art.br\/wp-content\/uploads\/2024\/03\/image.png 814w, https:\/\/joycestudies.art.br\/wp-content\/uploads\/2024\/03\/image-300x300.png 300w, https:\/\/joycestudies.art.br\/wp-content\/uploads\/2024\/03\/image-150x150.png 150w, https:\/\/joycestudies.art.br\/wp-content\/uploads\/2024\/03\/image-768x768.png 768w\" sizes=\"(max-width: 814px) 100vw, 814px\" \/><\/a><\/figure>\n<\/div>\n<\/div>\n\n\n\n<div class=\"wp-block-column is-layout-flow wp-block-column-is-layout-flow\">\n<figure class=\"wp-block-image aligncenter size-full is-resized is-style-rounded\"><img loading=\"lazy\" decoding=\"async\" width=\"300\" height=\"300\" src=\"https:\/\/joycestudies.art.br\/wp-content\/uploads\/2024\/03\/Dircinha-2021-agosto-300x300-1.jpg\" alt=\"\" class=\"wp-image-62\" style=\"aspect-ratio:1;object-fit:cover;width:200px\" srcset=\"https:\/\/joycestudies.art.br\/wp-content\/uploads\/2024\/03\/Dircinha-2021-agosto-300x300-1.jpg 300w, https:\/\/joycestudies.art.br\/wp-content\/uploads\/2024\/03\/Dircinha-2021-agosto-300x300-1-150x150.jpg 150w\" sizes=\"(max-width: 300px) 100vw, 300px\" \/><\/figure>\n\n\n\n<div class=\"wp-block-group is-vertical is-content-justification-center is-nowrap is-layout-flex wp-container-core-group-is-layout-5 wp-block-group-is-layout-flex\">\n<p class=\"has-text-align-center has-small-font-size\"> <strong>Dirce Waltrick do Amarante<\/strong> <\/p>\n\n\n\n<figure class=\"wp-block-image size-full is-resized\"><a href=\"http:\/\/buscatextual.cnpq.br\/buscatextual\/visualizacv.do?id=K4777476A5\"><img loading=\"lazy\" decoding=\"async\" width=\"814\" height=\"814\" src=\"https:\/\/joycestudies.art.br\/wp-content\/uploads\/2024\/03\/image.png\" alt=\"\" class=\"wp-image-61\" style=\"width:32px\" srcset=\"https:\/\/joycestudies.art.br\/wp-content\/uploads\/2024\/03\/image.png 814w, https:\/\/joycestudies.art.br\/wp-content\/uploads\/2024\/03\/image-300x300.png 300w, https:\/\/joycestudies.art.br\/wp-content\/uploads\/2024\/03\/image-150x150.png 150w, https:\/\/joycestudies.art.br\/wp-content\/uploads\/2024\/03\/image-768x768.png 768w\" sizes=\"(max-width: 814px) 100vw, 814px\" \/><\/a><\/figure>\n<\/div>\n<\/div>\n\n\n\n<div class=\"wp-block-column is-layout-flow wp-block-column-is-layout-flow\">\n<figure class=\"wp-block-image aligncenter size-full is-resized is-style-rounded\"><img loading=\"lazy\" decoding=\"async\" width=\"300\" height=\"300\" src=\"https:\/\/joycestudies.art.br\/wp-content\/uploads\/2024\/03\/sergiomedeiros-300x300-1.jpg\" alt=\"\" class=\"wp-image-63\" style=\"aspect-ratio:1;object-fit:cover;width:200px\" srcset=\"https:\/\/joycestudies.art.br\/wp-content\/uploads\/2024\/03\/sergiomedeiros-300x300-1.jpg 300w, https:\/\/joycestudies.art.br\/wp-content\/uploads\/2024\/03\/sergiomedeiros-300x300-1-150x150.jpg 150w\" sizes=\"(max-width: 300px) 100vw, 300px\" \/><\/figure>\n\n\n\n<div class=\"wp-block-group is-vertical is-content-justification-center is-nowrap is-layout-flex wp-container-core-group-is-layout-6 wp-block-group-is-layout-flex\">\n<p class=\"has-text-align-center has-small-font-size\"><strong>Sergio Medeiros<\/strong><\/p>\n\n\n\n<figure class=\"wp-block-image size-full is-resized\"><a href=\"https:\/\/buscatextual.cnpq.br\/buscatextual\/preview.do?metodo=apresentar&amp;id=K4727377Z4\"><img loading=\"lazy\" decoding=\"async\" width=\"814\" height=\"814\" src=\"https:\/\/joycestudies.art.br\/wp-content\/uploads\/2024\/03\/image.png\" alt=\"\" class=\"wp-image-61\" style=\"width:32px\" srcset=\"https:\/\/joycestudies.art.br\/wp-content\/uploads\/2024\/03\/image.png 814w, https:\/\/joycestudies.art.br\/wp-content\/uploads\/2024\/03\/image-300x300.png 300w, https:\/\/joycestudies.art.br\/wp-content\/uploads\/2024\/03\/image-150x150.png 150w, https:\/\/joycestudies.art.br\/wp-content\/uploads\/2024\/03\/image-768x768.png 768w\" sizes=\"(max-width: 814px) 100vw, 814px\" \/><\/a><\/figure>\n<\/div>\n<\/div>\n<\/div>\n\n\n\n<div class=\"wp-block-columns alignwide is-layout-flex wp-container-core-columns-is-layout-3 wp-block-columns-is-layout-flex\" style=\"padding-right:0;padding-left:0\">\n<div class=\"wp-block-column is-layout-flow wp-block-column-is-layout-flow\">\n<figure class=\"wp-block-image aligncenter size-full is-resized is-style-rounded\"><img loading=\"lazy\" decoding=\"async\" width=\"1152\" height=\"1152\" src=\"https:\/\/joycestudies.art.br\/wp-content\/uploads\/2024\/03\/27368612_10215882912934486_5555656426923429113_o.jpg\" alt=\"\" class=\"wp-image-92\" style=\"aspect-ratio:1;object-fit:cover;width:200px\" srcset=\"https:\/\/joycestudies.art.br\/wp-content\/uploads\/2024\/03\/27368612_10215882912934486_5555656426923429113_o.jpg 1152w, https:\/\/joycestudies.art.br\/wp-content\/uploads\/2024\/03\/27368612_10215882912934486_5555656426923429113_o-300x300.jpg 300w, https:\/\/joycestudies.art.br\/wp-content\/uploads\/2024\/03\/27368612_10215882912934486_5555656426923429113_o-1024x1024.jpg 1024w, https:\/\/joycestudies.art.br\/wp-content\/uploads\/2024\/03\/27368612_10215882912934486_5555656426923429113_o-150x150.jpg 150w, https:\/\/joycestudies.art.br\/wp-content\/uploads\/2024\/03\/27368612_10215882912934486_5555656426923429113_o-768x768.jpg 768w\" sizes=\"(max-width: 1152px) 100vw, 1152px\" \/><\/figure>\n\n\n\n<div class=\"wp-block-group is-vertical is-content-justification-center is-nowrap is-layout-flex wp-container-core-group-is-layout-7 wp-block-group-is-layout-flex\">\n<p class=\"has-text-align-center has-small-font-size\"><strong>Tarso do Amaral<\/strong><\/p>\n\n\n\n<figure class=\"wp-block-image size-full is-resized\"><a href=\"http:\/\/lattes.cnpq.br\/5164147365956909\"><img loading=\"lazy\" decoding=\"async\" width=\"814\" height=\"814\" src=\"https:\/\/joycestudies.art.br\/wp-content\/uploads\/2024\/03\/image.png\" alt=\"\" class=\"wp-image-61\" style=\"width:32px;height:auto\" srcset=\"https:\/\/joycestudies.art.br\/wp-content\/uploads\/2024\/03\/image.png 814w, https:\/\/joycestudies.art.br\/wp-content\/uploads\/2024\/03\/image-300x300.png 300w, https:\/\/joycestudies.art.br\/wp-content\/uploads\/2024\/03\/image-150x150.png 150w, https:\/\/joycestudies.art.br\/wp-content\/uploads\/2024\/03\/image-768x768.png 768w\" sizes=\"(max-width: 814px) 100vw, 814px\" \/><\/a><\/figure>\n<\/div>\n<\/div>\n\n\n\n<div class=\"wp-block-column is-layout-flow wp-block-column-is-layout-flow\">\n<figure class=\"wp-block-image aligncenter size-full is-resized is-style-rounded\"><img loading=\"lazy\" decoding=\"async\" width=\"205\" height=\"177\" src=\"https:\/\/joycestudies.art.br\/wp-content\/uploads\/2024\/03\/servletrecuperafoto.jpeg\" alt=\"\" class=\"wp-image-95\" style=\"aspect-ratio:1;object-fit:cover;width:200px\"\/><\/figure>\n\n\n\n<div class=\"wp-block-group is-vertical is-content-justification-center is-nowrap is-layout-flex wp-container-core-group-is-layout-8 wp-block-group-is-layout-flex\">\n<p class=\"has-text-align-center has-small-font-size\"> <strong>Pedro Sala<\/strong> <\/p>\n\n\n\n<figure class=\"wp-block-image size-full is-resized\"><a href=\"http:\/\/lattes.cnpq.br\/3584781577473760\"><img loading=\"lazy\" decoding=\"async\" width=\"814\" height=\"814\" src=\"https:\/\/joycestudies.art.br\/wp-content\/uploads\/2024\/03\/image.png\" alt=\"\" class=\"wp-image-61\" style=\"width:32px\" srcset=\"https:\/\/joycestudies.art.br\/wp-content\/uploads\/2024\/03\/image.png 814w, https:\/\/joycestudies.art.br\/wp-content\/uploads\/2024\/03\/image-300x300.png 300w, https:\/\/joycestudies.art.br\/wp-content\/uploads\/2024\/03\/image-150x150.png 150w, https:\/\/joycestudies.art.br\/wp-content\/uploads\/2024\/03\/image-768x768.png 768w\" sizes=\"(max-width: 814px) 100vw, 814px\" \/><\/a><\/figure>\n<\/div>\n<\/div>\n\n\n\n<div class=\"wp-block-column is-layout-flow wp-block-column-is-layout-flow\">\n<figure class=\"wp-block-image aligncenter size-full is-resized is-style-rounded\"><img loading=\"lazy\" decoding=\"async\" width=\"769\" height=\"538\" src=\"https:\/\/joycestudies.art.br\/wp-content\/uploads\/2024\/03\/servletrecuperafoto-2.jpeg\" alt=\"\" class=\"wp-image-96\" style=\"aspect-ratio:1;object-fit:cover;width:200px\" srcset=\"https:\/\/joycestudies.art.br\/wp-content\/uploads\/2024\/03\/servletrecuperafoto-2.jpeg 769w, https:\/\/joycestudies.art.br\/wp-content\/uploads\/2024\/03\/servletrecuperafoto-2-300x210.jpeg 300w\" sizes=\"(max-width: 769px) 100vw, 769px\" \/><\/figure>\n\n\n\n<div class=\"wp-block-group is-vertical is-content-justification-center is-nowrap is-layout-flex wp-container-core-group-is-layout-9 wp-block-group-is-layout-flex\">\n<p class=\"has-text-align-center has-small-font-size\"><strong>Lu\u00edsa de Freitas<\/strong><\/p>\n\n\n\n<figure class=\"wp-block-image size-full is-resized\"><a href=\"http:\/\/lattes.cnpq.br\/1588581796332563\"><img loading=\"lazy\" decoding=\"async\" width=\"814\" height=\"814\" src=\"https:\/\/joycestudies.art.br\/wp-content\/uploads\/2024\/03\/image.png\" alt=\"\" class=\"wp-image-61\" style=\"width:32px\" srcset=\"https:\/\/joycestudies.art.br\/wp-content\/uploads\/2024\/03\/image.png 814w, https:\/\/joycestudies.art.br\/wp-content\/uploads\/2024\/03\/image-300x300.png 300w, https:\/\/joycestudies.art.br\/wp-content\/uploads\/2024\/03\/image-150x150.png 150w, https:\/\/joycestudies.art.br\/wp-content\/uploads\/2024\/03\/image-768x768.png 768w\" sizes=\"(max-width: 814px) 100vw, 814px\" \/><\/a><\/figure>\n<\/div>\n<\/div>\n<\/div>\n<\/div>\n","protected":false},"excerpt":{"rendered":"<p>Research group Joyce Studies in Brazil The research group Joyce Studies in Brazil is affiliated with the Fluminense Federal University (UFF), which certified it in the research groups directory of the CNPq (Brazilian Council for Scientific and Technological Development). It is an initiative of Vitor Alevato do Amaral (UFF) and Dirce Waltrick do Amarante (Federal [&hellip;]<\/p>\n","protected":false},"author":1,"featured_media":0,"parent":0,"menu_order":0,"comment_status":"closed","ping_status":"closed","template":"","meta":{"footnotes":""},"_links":{"self":[{"href":"https:\/\/joycestudies.art.br\/index.php?rest_route=\/wp\/v2\/pages\/32"}],"collection":[{"href":"https:\/\/joycestudies.art.br\/index.php?rest_route=\/wp\/v2\/pages"}],"about":[{"href":"https:\/\/joycestudies.art.br\/index.php?rest_route=\/wp\/v2\/types\/page"}],"author":[{"embeddable":true,"href":"https:\/\/joycestudies.art.br\/index.php?rest_route=\/wp\/v2\/users\/1"}],"replies":[{"embeddable":true,"href":"https:\/\/joycestudies.art.br\/index.php?rest_route=%2Fwp%2Fv2%2Fcomments&post=32"}],"version-history":[{"count":13,"href":"https:\/\/joycestudies.art.br\/index.php?rest_route=\/wp\/v2\/pages\/32\/revisions"}],"predecessor-version":[{"id":133,"href":"https:\/\/joycestudies.art.br\/index.php?rest_route=\/wp\/v2\/pages\/32\/revisions\/133"}],"wp:attachment":[{"href":"https:\/\/joycestudies.art.br\/index.php?rest_route=%2Fwp%2Fv2%2Fmedia&parent=32"}],"curies":[{"name":"wp","href":"https:\/\/api.w.org\/{rel}","templated":true}]}}