{"id":11,"date":"2024-03-07T06:50:29","date_gmt":"2024-03-07T09:50:29","guid":{"rendered":"http:\/\/joycestudies.art.br\/?page_id=11"},"modified":"2024-03-07T06:55:50","modified_gmt":"2024-03-07T09:55:50","slug":"translations","status":"publish","type":"page","link":"https:\/\/joycestudies.art.br\/?page_id=11","title":{"rendered":"Translations"},"content":{"rendered":"\n<div class=\"wp-block-columns is-layout-flex wp-container-core-columns-is-layout-1 wp-block-columns-is-layout-flex\">\n<div class=\"wp-block-column is-layout-flow wp-block-column-is-layout-flow\"><\/div>\n<\/div>\n\n\n\n<div class=\"wp-block-group alignwide is-nowrap is-layout-flex wp-container-core-group-is-layout-2 wp-block-group-is-layout-flex\">\n<div class=\"wp-block-columns alignwide are-vertically-aligned-top is-layout-flex wp-container-core-columns-is-layout-3 wp-block-columns-is-layout-flex\">\n<div class=\"wp-block-column is-vertically-aligned-top is-layout-flow wp-block-column-is-layout-flow\" style=\"flex-basis:100%\">\n<div class=\"wp-block-columns is-layout-flex wp-container-core-columns-is-layout-2 wp-block-columns-is-layout-flex\">\n<div class=\"wp-block-column is-layout-flow wp-block-column-is-layout-flow\" style=\"flex-basis:100%\">\n<div class=\"wp-block-group alignwide has-global-padding is-layout-constrained wp-block-group-is-layout-constrained\"><\/div>\n<\/div>\n<\/div>\n<\/div>\n<\/div>\n\n\n\n<div class=\"wp-block-media-text is-stacked-on-mobile\"><figure class=\"wp-block-media-text__media\"><img loading=\"lazy\" decoding=\"async\" width=\"680\" height=\"680\" src=\"https:\/\/joycestudies.art.br\/wp-content\/uploads\/2024\/03\/RIVOLTA_2022-680x680-1.jpg\" alt=\"\" class=\"wp-image-21 size-full\" srcset=\"https:\/\/joycestudies.art.br\/wp-content\/uploads\/2024\/03\/RIVOLTA_2022-680x680-1.jpg 680w, https:\/\/joycestudies.art.br\/wp-content\/uploads\/2024\/03\/RIVOLTA_2022-680x680-1-300x300.jpg 300w, https:\/\/joycestudies.art.br\/wp-content\/uploads\/2024\/03\/RIVOLTA_2022-680x680-1-150x150.jpg 150w\" sizes=\"(max-width: 680px) 100vw, 680px\" \/><\/figure><div class=\"wp-block-media-text__content\">\n<p>\u00a0\u201cColetivo Finnegans\u201d \u00e9 formado por Afonso Teixeira Filho, Andr\u00e9a Buch Bohrer, Andr\u00e9 Cechinel, Aurora Bernardini, Daiane Oliveira, Dirce Waltrick do Amarante, Fedra Rodr\u00edguez, Luis Henrique Garcia Ferreira, S\u00e9rgio Medeiros, Tarso do Amaral, Vin\u00edcius Alves e Vitor Alevato do Amaral.<\/p>\n\n\n\n<div class=\"wp-block-buttons is-layout-flex wp-block-buttons-is-layout-flex\">\n<div class=\"wp-block-button\"><a class=\"wp-block-button__link wp-element-button\" href=\"https:\/\/www.iluminuras.com.br\/finnegans-rivolta\" target=\"_blank\" rel=\"noreferrer noopener\">Buy<\/a><\/div>\n<\/div>\n<\/div><\/div>\n\n\n\n<div class=\"wp-block-media-text is-stacked-on-mobile\"><figure class=\"wp-block-media-text__media\"><img loading=\"lazy\" decoding=\"async\" width=\"680\" height=\"680\" src=\"https:\/\/joycestudies.art.br\/wp-content\/uploads\/2024\/03\/cartas-herriot-800x800-680x680-1.jpg\" alt=\"\" class=\"wp-image-20 size-full\" srcset=\"https:\/\/joycestudies.art.br\/wp-content\/uploads\/2024\/03\/cartas-herriot-800x800-680x680-1.jpg 680w, https:\/\/joycestudies.art.br\/wp-content\/uploads\/2024\/03\/cartas-herriot-800x800-680x680-1-300x300.jpg 300w, https:\/\/joycestudies.art.br\/wp-content\/uploads\/2024\/03\/cartas-herriot-800x800-680x680-1-150x150.jpg 150w\" sizes=\"(max-width: 680px) 100vw, 680px\" \/><\/figure><div class=\"wp-block-media-text__content\">\n<p>Enquanto escrevia a sua obra da maturidade, considerada pela cr\u00edtica como uma das mais inovadoras da literatura mundial, o escritor irland\u00eas James Joyce (1882-1941) correspondeu-se assiduamente com a editora inglesa Harriet Shaw Weaver (1876-1961), respons\u00e1vel pela publica\u00e7\u00e3o de\u00a0<em>Um retrato do artista quando jovem<\/em>\u00a0na Inglaterra.<\/p>\n\n\n\n<div class=\"wp-block-buttons is-layout-flex wp-block-buttons-is-layout-flex\">\n<div class=\"wp-block-button\"><a class=\"wp-block-button__link wp-element-button\" href=\"https:\/\/www.iluminuras.com.br\/cartas-a-harriet?search=dirce%20waltrick\" target=\"_blank\" rel=\"noreferrer noopener\">Buy<\/a><\/div>\n<\/div>\n<\/div><\/div>\n<\/div>\n","protected":false},"excerpt":{"rendered":"<p>\u00a0\u201cColetivo Finnegans\u201d \u00e9 formado por Afonso Teixeira Filho, Andr\u00e9a Buch Bohrer, Andr\u00e9 Cechinel, Aurora Bernardini, Daiane Oliveira, Dirce Waltrick do Amarante, Fedra Rodr\u00edguez, Luis Henrique Garcia Ferreira, S\u00e9rgio Medeiros, Tarso do Amaral, Vin\u00edcius Alves e Vitor Alevato do Amaral. Enquanto escrevia a sua obra da maturidade, considerada pela cr\u00edtica como uma das mais inovadoras da [&hellip;]<\/p>\n","protected":false},"author":1,"featured_media":0,"parent":0,"menu_order":0,"comment_status":"closed","ping_status":"closed","template":"","meta":{"footnotes":""},"_links":{"self":[{"href":"https:\/\/joycestudies.art.br\/index.php?rest_route=\/wp\/v2\/pages\/11"}],"collection":[{"href":"https:\/\/joycestudies.art.br\/index.php?rest_route=\/wp\/v2\/pages"}],"about":[{"href":"https:\/\/joycestudies.art.br\/index.php?rest_route=\/wp\/v2\/types\/page"}],"author":[{"embeddable":true,"href":"https:\/\/joycestudies.art.br\/index.php?rest_route=\/wp\/v2\/users\/1"}],"replies":[{"embeddable":true,"href":"https:\/\/joycestudies.art.br\/index.php?rest_route=%2Fwp%2Fv2%2Fcomments&post=11"}],"version-history":[{"count":2,"href":"https:\/\/joycestudies.art.br\/index.php?rest_route=\/wp\/v2\/pages\/11\/revisions"}],"predecessor-version":[{"id":25,"href":"https:\/\/joycestudies.art.br\/index.php?rest_route=\/wp\/v2\/pages\/11\/revisions\/25"}],"wp:attachment":[{"href":"https:\/\/joycestudies.art.br\/index.php?rest_route=%2Fwp%2Fv2%2Fmedia&parent=11"}],"curies":[{"name":"wp","href":"https:\/\/api.w.org\/{rel}","templated":true}]}}