{"id":109,"date":"2024-04-22T12:34:10","date_gmt":"2024-04-22T15:34:10","guid":{"rendered":"http:\/\/joycestudies.art.br\/?page_id=109"},"modified":"2024-04-22T12:34:10","modified_gmt":"2024-04-22T15:34:10","slug":"newseryreel","status":"publish","type":"page","link":"https:\/\/joycestudies.art.br\/?page_id=109","title":{"rendered":"Newseryreel"},"content":{"rendered":"<ul class=\"wp-block-latest-posts__list wp-block-latest-posts\"><li><a class=\"wp-block-latest-posts__post-title\" href=\"https:\/\/joycestudies.art.br\/?p=124\">Cadernos de Literatura em Tradu\u00e7\u00e3o v. 27<\/a><div class=\"wp-block-latest-posts__post-excerpt\">N\u00famero Especial sobre Literatura Irlandesa<\/div><\/li>\n<li><a class=\"wp-block-latest-posts__post-title\" href=\"https:\/\/joycestudies.art.br\/?p=101\">XIII Jornada de Estudos Irlandeses 2024 &#8211; Interseccionalidade e Produ\u00e7\u00e3o de Conhecimento<\/a><div class=\"wp-block-latest-posts__post-excerpt\">A Jornada de Estudos Irlandeses \u00e9 promovida anualmente pela Associa\u00e7\u00e3o Brasileira de Estudos Irlandeses (ABEI) em colabora\u00e7\u00e3o com universidades brasileiras e tem dois objetivos primordiais: incentivar a pesquisa em literatura irlandesa em di\u00e1logo com outras literaturas, artes e m\u00eddias; e estabelecer um f\u00f3rum de discuss\u00e3o para pesquisadores de diversos n\u00edveis, em estudos lingu\u00edsticos e liter\u00e1rios,\u2026 <a href=\"https:\/\/joycestudies.art.br\/?p=101\" rel=\"noopener noreferrer\">Leia mais<span class=\"screen-reader-text\">: XIII Jornada de Estudos Irlandeses 2024 &#8211; Interseccionalidade e Produ\u00e7\u00e3o de Conhecimento<\/span><\/a><\/div><\/li>\n<\/ul>","protected":false},"excerpt":{"rendered":"","protected":false},"author":1,"featured_media":0,"parent":0,"menu_order":0,"comment_status":"closed","ping_status":"closed","template":"","meta":{"footnotes":""},"_links":{"self":[{"href":"https:\/\/joycestudies.art.br\/index.php?rest_route=\/wp\/v2\/pages\/109"}],"collection":[{"href":"https:\/\/joycestudies.art.br\/index.php?rest_route=\/wp\/v2\/pages"}],"about":[{"href":"https:\/\/joycestudies.art.br\/index.php?rest_route=\/wp\/v2\/types\/page"}],"author":[{"embeddable":true,"href":"https:\/\/joycestudies.art.br\/index.php?rest_route=\/wp\/v2\/users\/1"}],"replies":[{"embeddable":true,"href":"https:\/\/joycestudies.art.br\/index.php?rest_route=%2Fwp%2Fv2%2Fcomments&post=109"}],"version-history":[{"count":1,"href":"https:\/\/joycestudies.art.br\/index.php?rest_route=\/wp\/v2\/pages\/109\/revisions"}],"predecessor-version":[{"id":110,"href":"https:\/\/joycestudies.art.br\/index.php?rest_route=\/wp\/v2\/pages\/109\/revisions\/110"}],"wp:attachment":[{"href":"https:\/\/joycestudies.art.br\/index.php?rest_route=%2Fwp%2Fv2%2Fmedia&parent=109"}],"curies":[{"name":"wp","href":"https:\/\/api.w.org\/{rel}","templated":true}]}}